{"id":95,"date":"2017-06-15T13:25:42","date_gmt":"2017-06-15T11:25:42","guid":{"rendered":"http:\/\/asptt-lyon-tennis.fr\/?page_id=95"},"modified":"2017-10-20T16:22:49","modified_gmt":"2017-10-20T14:22:49","slug":"les-tournois-les-equipes","status":"publish","type":"page","link":"https:\/\/asptt-lyon-tennis.fr\/?page_id=95","title":{"rendered":"infos pratiques PADEL et comp\u00e9titions"},"content":{"rendered":"<h3><span style=\"color: #ff0000;\"><strong>Les tournois de l&rsquo;ASPTT :<\/strong><\/span><\/h3>\n<p>Derni\u00e8re \u00e9dition le dernier weekend de sepptembre a r\u00e9uni plus de 20 \u00e9quipes hommes, 4 \u00e9quipes dames et 6 \u00e9quipes mixtes et ont vu s&rsquo;affronter plusieurs joeuurs du TOP 100 fran\u00e7ais.Cette superbe \u00e9dition nous a permi de voir 3 jours de matchs de folie. Bravo \u00e0 tous les participants.<\/p>\n<p><img loading=\"lazy\" class=\"aligncenter  wp-image-494\" src=\"http:\/\/asptt-lyon-tennis.fr\/wp-content\/uploads\/2017\/06\/DSC_0430.jpg\" alt=\"\" width=\"331\" height=\"220\" srcset=\"https:\/\/asptt-lyon-tennis.fr\/wp-content\/uploads\/2017\/06\/DSC_0430.jpg 3008w, https:\/\/asptt-lyon-tennis.fr\/wp-content\/uploads\/2017\/06\/DSC_0430-300x199.jpg 300w, https:\/\/asptt-lyon-tennis.fr\/wp-content\/uploads\/2017\/06\/DSC_0430-768x511.jpg 768w, https:\/\/asptt-lyon-tennis.fr\/wp-content\/uploads\/2017\/06\/DSC_0430-1024x681.jpg 1024w, https:\/\/asptt-lyon-tennis.fr\/wp-content\/uploads\/2017\/06\/DSC_0430-90x60.jpg 90w\" sizes=\"(max-width: 331px) 100vw, 331px\" \/><\/p>\n<p><em><strong>Prochaine \u00e9dition :<\/strong><\/em>\u00a0 rdv au printemps pour un P100 dames, un P250 hommes et un tournoi mixte<\/p>\n<p>&nbsp;<\/p>\n<h3><strong><span style=\"color: #ff0000;\">INFOS PRATIQUES :\u00a0<\/span><\/strong><\/h3>\n<p><span style=\"color: #3366ff;\">les classements et les calendrier des tournois sont disponiblie sur le site PADELMAGAZINE<\/span><\/p>\n<p>cliquez sur le lien suivant ;\u00a0\u00a0<a href=\"http:\/\/padelmagazine.fr\/\">http:\/\/padelmagazine.fr\/<\/a><\/p>\n<p><span style=\"color: #3366ff;\">vous trouverez aussi des informations sur les r\u00e8gles sur le site de la FFT :<\/span><\/p>\n<p>cliquez sur le lien suivant :\u00a0<a href=\"http:\/\/www.fft.fr\/jouer-sante\/padel\/tout-savoir-sur-le-padel\">http:\/\/www.fft.fr\/jouer-sante\/padel\/tout-savoir-sur-le-padel<\/a><\/p>\n<p><span style=\"color: #3366ff;\">Les r\u00e9servations des terrains de padel se font via le site setteo :<\/span><\/p>\n<p>cliquez sur le lien suivant :\u00a0<a href=\"https:\/\/www.setteo.com\/\">https:\/\/www.setteo.com\/<\/a><\/p>\n","protected":false},"excerpt":{"rendered":"<p>Les tournois de l&rsquo;ASPTT : Derni\u00e8re \u00e9dition le dernier weekend de sepptembre a r\u00e9uni plus de 20 \u00e9quipes hommes, 4 \u00e9quipes dames et 6 \u00e9quipes mixtes et ont vu s&rsquo;affronter plusieurs joeuurs du TOP 100 fran\u00e7ais.Cette superbe \u00e9dition nous a permi de voir 3 jours de matchs de folie. Bravo \u00e0 tous les participants. Prochaine<\/p>\n<a class=\"btn_a\" href=\"https:\/\/asptt-lyon-tennis.fr\/?page_id=95\"><span><i class=\"in_left fa fa-angle-right\"><\/i><span>Details<\/span><i class=\"in_right fa fa-angle-right\"><\/i><\/span><\/a>","protected":false},"author":2,"featured_media":0,"parent":90,"menu_order":0,"comment_status":"closed","ping_status":"closed","template":"","meta":[],"_links":{"self":[{"href":"https:\/\/asptt-lyon-tennis.fr\/index.php?rest_route=\/wp\/v2\/pages\/95"}],"collection":[{"href":"https:\/\/asptt-lyon-tennis.fr\/index.php?rest_route=\/wp\/v2\/pages"}],"about":[{"href":"https:\/\/asptt-lyon-tennis.fr\/index.php?rest_route=\/wp\/v2\/types\/page"}],"author":[{"embeddable":true,"href":"https:\/\/asptt-lyon-tennis.fr\/index.php?rest_route=\/wp\/v2\/users\/2"}],"replies":[{"embeddable":true,"href":"https:\/\/asptt-lyon-tennis.fr\/index.php?rest_route=%2Fwp%2Fv2%2Fcomments&post=95"}],"version-history":[{"count":2,"href":"https:\/\/asptt-lyon-tennis.fr\/index.php?rest_route=\/wp\/v2\/pages\/95\/revisions"}],"predecessor-version":[{"id":495,"href":"https:\/\/asptt-lyon-tennis.fr\/index.php?rest_route=\/wp\/v2\/pages\/95\/revisions\/495"}],"up":[{"embeddable":true,"href":"https:\/\/asptt-lyon-tennis.fr\/index.php?rest_route=\/wp\/v2\/pages\/90"}],"wp:attachment":[{"href":"https:\/\/asptt-lyon-tennis.fr\/index.php?rest_route=%2Fwp%2Fv2%2Fmedia&parent=95"}],"curies":[{"name":"wp","href":"https:\/\/api.w.org\/{rel}","templated":true}]}}