{"id":93,"date":"2017-06-15T13:25:24","date_gmt":"2017-06-15T11:25:24","guid":{"rendered":"http:\/\/asptt-lyon-tennis.fr\/?page_id=93"},"modified":"2017-10-20T18:40:29","modified_gmt":"2017-10-20T16:40:29","slug":"regles","status":"publish","type":"page","link":"https:\/\/asptt-lyon-tennis.fr\/?page_id=93","title":{"rendered":"adh\u00e9sions et cours de padel"},"content":{"rendered":"<h3 style=\"text-align: center;\"><span style=\"color: #ff0000;\"><strong>Vous voulez vous mettre au PADEL? <\/strong><\/span><\/h3>\n<h3 style=\"text-align: center;\"><span style=\"color: #ff0000;\"><strong>Ca tombe bien, on n&rsquo;attendait plus que vous :\u00a0<\/strong><\/span><\/h3>\n<h4><\/h4>\n<p>&nbsp;<\/p>\n<h4><span style=\"color: #0000ff;\"><em>1\u00b0) Pour jouer librement :<\/em><\/span><\/h4>\n<ul>\n<li>Adh\u00e9soin \u00e0 l&rsquo;ann\u00e9e :<span style=\"color: #3366ff;\"><strong> 140 euros<\/strong><\/span> (hors licende FFT \u00e0 29 euros) \/<span style=\"color: #3366ff;\"><strong> 80 euros<\/strong><\/span> pour les licenci\u00e9s tennis de l&rsquo;ASPTT<\/li>\n<li>Location de terrains : <span style=\"color: #3366ff;\"><strong>24 euros<\/strong><\/span> le terrain (1h, possibilit\u00e9 de d\u00e9passer) pour les exterieurs \/ <strong><span style=\"color: #3366ff;\">20 euros<\/span><\/strong> pour les adh\u00e9rents tennis<\/li>\n<\/ul>\n<p>&nbsp;<\/p>\n<h4><span style=\"color: #0000ff;\"><em>2\u00b0) Pour prendre des cours :<\/em><\/span><\/h4>\n<ul>\n<li><strong><strong>Cours \u00e0 l&rsquo;ann\u00e9e avec un entra\u00eeneur :<\/strong><\/strong>\n<ul>\n<li><span style=\"color: #3366ff;\">180 euros<\/span> par personne pour un cours hebdomadaire (d\u00e9tention d&rsquo;une adh\u00e9sion padel \u00e0 jour obligatoire cf ci-dessus)<\/li>\n<li>Groupes de 4 joueurs, 1h15 avec l&rsquo;entra\u00eeneur, puis jeu libre entre les joueurs<\/li>\n<li>Cr\u00e9neaux : mercredi 19h30 \/ jeudi 18h15 \/ vendredi 17h \/ vendredi 18h15<\/li>\n<\/ul>\n<ul>\n<li><strong>Cr\u00e9neaux promotionnels<\/strong>\u00a0:\n<ul>\n<li>les mercredis 13h30 et 15h \/ les samedis 10h30<\/li>\n<li>cours et adh\u00e9sion \u00e0 <span style=\"color: #3366ff;\">200 euros<\/span> (acc\u00e8s aux terrains seulement sur ce cours)<\/li>\n<\/ul>\n<\/li>\n<\/ul>\n<\/ul>\n<ul>\n<li><strong>Cours ponctuel avec un entra\u00eeneur<\/strong> (1h plus 30 min de jeu libre dans la foul\u00e9e sans entra\u00eeneur), vous payez le cours quel que soit le nombre de joueurs :\n<ul>\n<li><strong><span style=\"color: #3366ff;\"> 50 euros<\/span><\/strong> le terrain (soit 12,50\/personne pour un groupe de 4)<\/li>\n<li><strong><span style=\"color: #3366ff;\">40 euros<\/span><\/strong> le terrain (soit 10 euros\/personnes pour un groupe de 4)<\/li>\n<li><strong><span style=\"color: #3366ff;\">24 euros<\/span><\/strong> le terrain (soit 6 euros\/pers pour un groupe de 4)<\/li>\n<\/ul>\n<\/li>\n<\/ul>\n<p>&nbsp;<\/p>\n<h6 style=\"text-align: center;\"><span style=\"color: #ff0000; font-weight: bold;\">Renseignements et inscriptions au club ou directement aupr\u00e8s\u00a0<\/span><\/h6>\n<h6 style=\"text-align: center;\"><b><span style=\"color: #ff0000; font-weight: bold;\">des entra\u00eeneurs de padel (Steven et Benoit)<\/span><\/b><\/h6>\n<p><img loading=\"lazy\" class=\"aligncenter size-full wp-image-202\" src=\"http:\/\/asptt-lyon-tennis.fr\/wp-content\/uploads\/2017\/06\/asptt.jpeg\" alt=\"\" width=\"1280\" height=\"490\" srcset=\"https:\/\/asptt-lyon-tennis.fr\/wp-content\/uploads\/2017\/06\/asptt.jpeg 1280w, https:\/\/asptt-lyon-tennis.fr\/wp-content\/uploads\/2017\/06\/asptt-300x115.jpeg 300w, https:\/\/asptt-lyon-tennis.fr\/wp-content\/uploads\/2017\/06\/asptt-768x294.jpeg 768w, https:\/\/asptt-lyon-tennis.fr\/wp-content\/uploads\/2017\/06\/asptt-1024x392.jpeg 1024w\" sizes=\"(max-width: 1280px) 100vw, 1280px\" \/><\/p>\n","protected":false},"excerpt":{"rendered":"<p>Vous voulez vous mettre au PADEL? Ca tombe bien, on n&rsquo;attendait plus que vous :\u00a0 &nbsp; 1\u00b0) Pour jouer librement : Adh\u00e9soin \u00e0 l&rsquo;ann\u00e9e : 140 euros (hors licende FFT \u00e0 29 euros) \/ 80 euros pour les licenci\u00e9s tennis de l&rsquo;ASPTT Location de terrains : 24 euros le terrain (1h, possibilit\u00e9 de d\u00e9passer) pour<\/p>\n<a class=\"btn_a\" href=\"https:\/\/asptt-lyon-tennis.fr\/?page_id=93\"><span><i class=\"in_left fa fa-angle-right\"><\/i><span>Details<\/span><i class=\"in_right fa fa-angle-right\"><\/i><\/span><\/a>","protected":false},"author":2,"featured_media":0,"parent":90,"menu_order":0,"comment_status":"closed","ping_status":"closed","template":"","meta":[],"_links":{"self":[{"href":"https:\/\/asptt-lyon-tennis.fr\/index.php?rest_route=\/wp\/v2\/pages\/93"}],"collection":[{"href":"https:\/\/asptt-lyon-tennis.fr\/index.php?rest_route=\/wp\/v2\/pages"}],"about":[{"href":"https:\/\/asptt-lyon-tennis.fr\/index.php?rest_route=\/wp\/v2\/types\/page"}],"author":[{"embeddable":true,"href":"https:\/\/asptt-lyon-tennis.fr\/index.php?rest_route=\/wp\/v2\/users\/2"}],"replies":[{"embeddable":true,"href":"https:\/\/asptt-lyon-tennis.fr\/index.php?rest_route=%2Fwp%2Fv2%2Fcomments&post=93"}],"version-history":[{"count":30,"href":"https:\/\/asptt-lyon-tennis.fr\/index.php?rest_route=\/wp\/v2\/pages\/93\/revisions"}],"predecessor-version":[{"id":499,"href":"https:\/\/asptt-lyon-tennis.fr\/index.php?rest_route=\/wp\/v2\/pages\/93\/revisions\/499"}],"up":[{"embeddable":true,"href":"https:\/\/asptt-lyon-tennis.fr\/index.php?rest_route=\/wp\/v2\/pages\/90"}],"wp:attachment":[{"href":"https:\/\/asptt-lyon-tennis.fr\/index.php?rest_route=%2Fwp%2Fv2%2Fmedia&parent=93"}],"curies":[{"name":"wp","href":"https:\/\/api.w.org\/{rel}","templated":true}]}}