{"id":64,"date":"2017-06-15T11:12:50","date_gmt":"2017-06-15T09:12:50","guid":{"rendered":"http:\/\/asptt-lyon-tennis.fr\/?page_id=64"},"modified":"2017-06-22T06:51:23","modified_gmt":"2017-06-22T04:51:23","slug":"pour-les-adultes","status":"publish","type":"page","link":"https:\/\/asptt-lyon-tennis.fr\/?page_id=64","title":{"rendered":"Pour les adultes\u2026"},"content":{"rendered":"<h5><strong><u>A partir de 19 ans<\/u><\/strong><strong>\u00a0: s\u00e9ance hebdomadaire de 1h30, selon niveau de jeu, en soir\u00e9e (4 par court).<\/strong><\/h5>\n<h5><strong><u>Pour les joueurs class\u00e9s<\/u><\/strong><strong> participant aux championnats par \u00e9quipes, s\u00e9ance de 1h30 par semaine selon niveau (groupe de 4).<\/strong><\/h5>\n<h5><strong>Il existe \u00e9galement la possibilit\u00e9 de stages collectifs et cours individuels tout au long de la saison (renseignement au club).<\/strong><\/h5>\n","protected":false},"excerpt":{"rendered":"<p>A partir de 19 ans\u00a0: s\u00e9ance hebdomadaire de 1h30, selon niveau de jeu, en soir\u00e9e (4 par court). Pour les joueurs class\u00e9s participant aux championnats par \u00e9quipes, s\u00e9ance de 1h30 par semaine selon niveau (groupe de 4). Il existe \u00e9galement la possibilit\u00e9 de stages collectifs et cours individuels tout au long de la saison (renseignement<\/p>\n<a class=\"btn_a\" href=\"https:\/\/asptt-lyon-tennis.fr\/?page_id=64\"><span><i class=\"in_left fa fa-angle-right\"><\/i><span>Details<\/span><i class=\"in_right fa fa-angle-right\"><\/i><\/span><\/a>","protected":false},"author":2,"featured_media":0,"parent":32,"menu_order":0,"comment_status":"closed","ping_status":"closed","template":"","meta":[],"_links":{"self":[{"href":"https:\/\/asptt-lyon-tennis.fr\/index.php?rest_route=\/wp\/v2\/pages\/64"}],"collection":[{"href":"https:\/\/asptt-lyon-tennis.fr\/index.php?rest_route=\/wp\/v2\/pages"}],"about":[{"href":"https:\/\/asptt-lyon-tennis.fr\/index.php?rest_route=\/wp\/v2\/types\/page"}],"author":[{"embeddable":true,"href":"https:\/\/asptt-lyon-tennis.fr\/index.php?rest_route=\/wp\/v2\/users\/2"}],"replies":[{"embeddable":true,"href":"https:\/\/asptt-lyon-tennis.fr\/index.php?rest_route=%2Fwp%2Fv2%2Fcomments&post=64"}],"version-history":[{"count":3,"href":"https:\/\/asptt-lyon-tennis.fr\/index.php?rest_route=\/wp\/v2\/pages\/64\/revisions"}],"predecessor-version":[{"id":337,"href":"https:\/\/asptt-lyon-tennis.fr\/index.php?rest_route=\/wp\/v2\/pages\/64\/revisions\/337"}],"up":[{"embeddable":true,"href":"https:\/\/asptt-lyon-tennis.fr\/index.php?rest_route=\/wp\/v2\/pages\/32"}],"wp:attachment":[{"href":"https:\/\/asptt-lyon-tennis.fr\/index.php?rest_route=%2Fwp%2Fv2%2Fmedia&parent=64"}],"curies":[{"name":"wp","href":"https:\/\/api.w.org\/{rel}","templated":true}]}}