{"id":62,"date":"2017-06-15T11:12:36","date_gmt":"2017-06-15T09:12:36","guid":{"rendered":"http:\/\/asptt-lyon-tennis.fr\/?page_id=62"},"modified":"2017-06-22T06:58:12","modified_gmt":"2017-06-22T04:58:12","slug":"pour-les-enfants","status":"publish","type":"page","link":"https:\/\/asptt-lyon-tennis.fr\/?page_id=62","title":{"rendered":"Pour les enfants\u2026"},"content":{"rendered":"<h4><strong><em>La galaxie tennis<\/em><\/strong><\/h4>\n<h5><strong><u>Pour les tous petits<\/u><\/strong><strong> (5-6 ans \u00e2ge r\u00e9el) :<\/strong><\/h5>\n<h5><strong>1 heure par semaine mercredi ou samedi.<\/strong><\/h5>\n<h5><strong>On y vient faire ses premiers \u00e9changes<br \/>\net d\u00e9velopper ses facult\u00e9s spatio-temporelles (groupe de 6 maxi.).<\/strong><\/h5>\n<h5><strong><u>Pour les plus jeunes<\/u><\/strong><strong> (7-11 ans \u00e2ge r\u00e9el) :<\/strong><\/h5>\n<h5><strong>1h30 par semaine mercredi, vendredi ou samedi<br \/>\nFormation \u00e0 la pratique du tennis du d\u00e9butant au perfectionnement (groupe de 6 maximum).<\/strong><\/h5>\n<h4><strong><em>Le club junior et ados<\/em><\/strong><\/h4>\n<h5><strong><u>Pour les plus grands<\/u><\/strong><strong> (12-13 ans \u00e2ge r\u00e9el) :<\/strong><\/h5>\n<h5><strong>1h30 par semaine mercredi, vendredi ou samedi<br \/>\nOn s&rsquo;entraine avec intensit\u00e9 dans le but de progresser et de participer aux comp\u00e9titions (groupe de 6 maximum).<\/strong><\/h5>\n<h5><strong><u>Pour les 14-18 ans<\/u><\/strong><strong> :<\/strong><\/h5>\n<h5><strong>1h30 par semaine mercredi, vendredi ou samedi. C&rsquo;est l&rsquo;ultime \u00e9tape de la formation de notre \u00e9cole (groupe de 4 maximum).<\/strong><\/h5>\n<h4><strong><em>L\u2019\u00e9cole de comp\u00e9tition <\/em><\/strong><\/h4>\n<h5><strong><u>Pour les enfants<\/u><\/strong><strong> (\u00e0 partir de 7 ans) motiv\u00e9s qui poss\u00e8dent des aptitudes pour la comp\u00e9tition officielle. Programme propos\u00e9 et adapt\u00e9 \u00e0 l\u2019enfant. Dur\u00e9e d\u00e9finie selon programme (groupe de 4maximum).<\/strong><\/h5>\n<h5><strong><u>Pour les joueurs class\u00e9s<\/u><\/strong><strong> participant aux championnats par \u00e9quipes, s\u00e9ance de 1h30 par semaine selon niveau (groupe de 4).<\/strong><\/h5>\n<p><img loading=\"lazy\" class=\"aligncenter size-large wp-image-339\" src=\"http:\/\/asptt-lyon-tennis.fr\/wp-content\/uploads\/2017\/06\/F\u00eate-du-tennis-2016-El\u00e9na-16-1024x681.jpg\" alt=\"\" width=\"835\" height=\"555\" srcset=\"https:\/\/asptt-lyon-tennis.fr\/wp-content\/uploads\/2017\/06\/F\u00eate-du-tennis-2016-El\u00e9na-16-1024x681.jpg 1024w, https:\/\/asptt-lyon-tennis.fr\/wp-content\/uploads\/2017\/06\/F\u00eate-du-tennis-2016-El\u00e9na-16-300x199.jpg 300w, https:\/\/asptt-lyon-tennis.fr\/wp-content\/uploads\/2017\/06\/F\u00eate-du-tennis-2016-El\u00e9na-16-768x511.jpg 768w, https:\/\/asptt-lyon-tennis.fr\/wp-content\/uploads\/2017\/06\/F\u00eate-du-tennis-2016-El\u00e9na-16-90x60.jpg 90w\" sizes=\"(max-width: 835px) 100vw, 835px\" \/><\/p>\n","protected":false},"excerpt":{"rendered":"<p>La galaxie tennis Pour les tous petits (5-6 ans \u00e2ge r\u00e9el) : 1 heure par semaine mercredi ou samedi. On y vient faire ses premiers \u00e9changes et d\u00e9velopper ses facult\u00e9s spatio-temporelles (groupe de 6 maxi.). Pour les plus jeunes (7-11 ans \u00e2ge r\u00e9el) : 1h30 par semaine mercredi, vendredi ou samedi Formation \u00e0 la pratique<\/p>\n<a class=\"btn_a\" href=\"https:\/\/asptt-lyon-tennis.fr\/?page_id=62\"><span><i class=\"in_left fa fa-angle-right\"><\/i><span>Details<\/span><i class=\"in_right fa fa-angle-right\"><\/i><\/span><\/a>","protected":false},"author":2,"featured_media":0,"parent":32,"menu_order":0,"comment_status":"closed","ping_status":"closed","template":"","meta":[],"_links":{"self":[{"href":"https:\/\/asptt-lyon-tennis.fr\/index.php?rest_route=\/wp\/v2\/pages\/62"}],"collection":[{"href":"https:\/\/asptt-lyon-tennis.fr\/index.php?rest_route=\/wp\/v2\/pages"}],"about":[{"href":"https:\/\/asptt-lyon-tennis.fr\/index.php?rest_route=\/wp\/v2\/types\/page"}],"author":[{"embeddable":true,"href":"https:\/\/asptt-lyon-tennis.fr\/index.php?rest_route=\/wp\/v2\/users\/2"}],"replies":[{"embeddable":true,"href":"https:\/\/asptt-lyon-tennis.fr\/index.php?rest_route=%2Fwp%2Fv2%2Fcomments&post=62"}],"version-history":[{"count":5,"href":"https:\/\/asptt-lyon-tennis.fr\/index.php?rest_route=\/wp\/v2\/pages\/62\/revisions"}],"predecessor-version":[{"id":341,"href":"https:\/\/asptt-lyon-tennis.fr\/index.php?rest_route=\/wp\/v2\/pages\/62\/revisions\/341"}],"up":[{"embeddable":true,"href":"https:\/\/asptt-lyon-tennis.fr\/index.php?rest_route=\/wp\/v2\/pages\/32"}],"wp:attachment":[{"href":"https:\/\/asptt-lyon-tennis.fr\/index.php?rest_route=%2Fwp%2Fv2%2Fmedia&parent=62"}],"curies":[{"name":"wp","href":"https:\/\/api.w.org\/{rel}","templated":true}]}}