{"id":30,"date":"2017-06-14T11:25:31","date_gmt":"2017-06-14T09:25:31","guid":{"rendered":"http:\/\/asptt-lyon-tennis.fr\/?page_id=30"},"modified":"2017-06-22T07:25:59","modified_gmt":"2017-06-22T05:25:59","slug":"le-club","status":"publish","type":"page","link":"https:\/\/asptt-lyon-tennis.fr\/?page_id=30","title":{"rendered":"Le Club"},"content":{"rendered":"<h4>Fond\u00e9e en 1907, L\u2019ASPTT LYON est devenue ASPTT GRAND LYON en 2002. En premier lieu, cette association loi 1901 a \u00e9t\u00e9 cr\u00e9\u00e9e pour faire faire des activit\u00e9s physiques et sportives au personnel des PTT, postes et t\u00e9l\u00e9communication. Ce minist\u00e8re unique a ensuite \u00e9volu\u00e9 vers d\u2019autres chemins, pour d\u00e9sormais voir ses structures diff\u00e9renci\u00e9es, entre La Poste, encore entreprise publique, et Orange , soci\u00e9t\u00e9 de capitaux. l\u2019ASPTT accueille d\u00e9sormais TOUTE personne d\u00e9sirant adh\u00e9rer pour pratiquer une ou plusieurs activit\u00e9s sportives. Depuis le 14 Octobre 2011, l\u2019ASPTT GRAND LYON s\u2019est dot\u00e9e d\u2019un complexe sportif tout neuf, sur le site de la villa Cuzin, chemin des Bouchets 69800 Saint-Priest. 4 courts de tennis ext\u00e9rieurs \u00e9clair\u00e9s, 2 courts de tennis couverts et depuis septembre 2016 de 2 pistes de Padel, le tout dans un parc arbor\u00e9 de 32000m\u00b2.<\/h4>\n<h4><b>Nombre de membres<\/b>: 350<br \/>\n<b>Horaires<\/b>: 8h \u00e0 23h<br \/>\n<b>T\u00e9l\u00e9phone<\/b>: 0478269283<\/h4>\n<p><img loading=\"lazy\" class=\"aligncenter size-full wp-image-351\" src=\"http:\/\/asptt-lyon-tennis.fr\/wp-content\/uploads\/2017\/06\/DSC02227.jpg\" alt=\"\" width=\"4912\" height=\"1080\" srcset=\"https:\/\/asptt-lyon-tennis.fr\/wp-content\/uploads\/2017\/06\/DSC02227.jpg 4912w, https:\/\/asptt-lyon-tennis.fr\/wp-content\/uploads\/2017\/06\/DSC02227-300x66.jpg 300w, https:\/\/asptt-lyon-tennis.fr\/wp-content\/uploads\/2017\/06\/DSC02227-768x169.jpg 768w, https:\/\/asptt-lyon-tennis.fr\/wp-content\/uploads\/2017\/06\/DSC02227-1024x225.jpg 1024w\" sizes=\"(max-width: 4912px) 100vw, 4912px\" \/><\/p>\n","protected":false},"excerpt":{"rendered":"<p>Fond\u00e9e en 1907, L\u2019ASPTT LYON est devenue ASPTT GRAND LYON en 2002. En premier lieu, cette association loi 1901 a \u00e9t\u00e9 cr\u00e9\u00e9e pour faire faire des activit\u00e9s physiques et sportives au personnel des PTT, postes et t\u00e9l\u00e9communication. Ce minist\u00e8re unique a ensuite \u00e9volu\u00e9 vers d\u2019autres chemins, pour d\u00e9sormais voir ses structures diff\u00e9renci\u00e9es, entre La Poste,<\/p>\n<a class=\"btn_a\" href=\"https:\/\/asptt-lyon-tennis.fr\/?page_id=30\"><span><i class=\"in_left fa fa-angle-right\"><\/i><span>Details<\/span><i class=\"in_right fa fa-angle-right\"><\/i><\/span><\/a>","protected":false},"author":2,"featured_media":0,"parent":0,"menu_order":0,"comment_status":"closed","ping_status":"closed","template":"","meta":[],"_links":{"self":[{"href":"https:\/\/asptt-lyon-tennis.fr\/index.php?rest_route=\/wp\/v2\/pages\/30"}],"collection":[{"href":"https:\/\/asptt-lyon-tennis.fr\/index.php?rest_route=\/wp\/v2\/pages"}],"about":[{"href":"https:\/\/asptt-lyon-tennis.fr\/index.php?rest_route=\/wp\/v2\/types\/page"}],"author":[{"embeddable":true,"href":"https:\/\/asptt-lyon-tennis.fr\/index.php?rest_route=\/wp\/v2\/users\/2"}],"replies":[{"embeddable":true,"href":"https:\/\/asptt-lyon-tennis.fr\/index.php?rest_route=%2Fwp%2Fv2%2Fcomments&post=30"}],"version-history":[{"count":2,"href":"https:\/\/asptt-lyon-tennis.fr\/index.php?rest_route=\/wp\/v2\/pages\/30\/revisions"}],"predecessor-version":[{"id":352,"href":"https:\/\/asptt-lyon-tennis.fr\/index.php?rest_route=\/wp\/v2\/pages\/30\/revisions\/352"}],"wp:attachment":[{"href":"https:\/\/asptt-lyon-tennis.fr\/index.php?rest_route=%2Fwp%2Fv2%2Fmedia&parent=30"}],"curies":[{"name":"wp","href":"https:\/\/api.w.org\/{rel}","templated":true}]}}